{"id":81,"date":"2025-11-25T03:33:22","date_gmt":"2025-11-25T03:33:22","guid":{"rendered":"https:\/\/manuelce.com\/?page_id=81"},"modified":"2025-11-25T04:01:50","modified_gmt":"2025-11-25T04:01:50","slug":"anulus-link","status":"publish","type":"page","link":"https:\/\/manuelce.com\/index.php\/anulus-link\/","title":{"rendered":"Anulus Link"},"content":{"rendered":"\n<h2 class=\"wp-block-heading\">LA CURIOSIDAD <s>VTRVP0 <\/s>AL GATO<\/h2>\n\n\n\n<p>Si\u00e9ntete libre de explorar. La \u00faltima persona tard\u00f3 dos a\u00f1os en regresar.<\/p>\n\n\n\n<p><\/p>\n","protected":false},"excerpt":{"rendered":"<p>LA CURIOSIDAD VTRVP0 AL GATO Si\u00e9ntete libre de explorar. La \u00faltima persona tard\u00f3 dos a\u00f1os en regresar.<\/p>\n","protected":false},"author":1,"featured_media":87,"parent":0,"menu_order":0,"comment_status":"closed","ping_status":"closed","template":"","meta":{"footnotes":""},"class_list":["post-81","page","type-page","status-publish","has-post-thumbnail","hentry"],"_links":{"self":[{"href":"https:\/\/manuelce.com\/index.php\/wp-json\/wp\/v2\/pages\/81","targetHints":{"allow":["GET"]}}],"collection":[{"href":"https:\/\/manuelce.com\/index.php\/wp-json\/wp\/v2\/pages"}],"about":[{"href":"https:\/\/manuelce.com\/index.php\/wp-json\/wp\/v2\/types\/page"}],"author":[{"embeddable":true,"href":"https:\/\/manuelce.com\/index.php\/wp-json\/wp\/v2\/users\/1"}],"replies":[{"embeddable":true,"href":"https:\/\/manuelce.com\/index.php\/wp-json\/wp\/v2\/comments?post=81"}],"version-history":[{"count":2,"href":"https:\/\/manuelce.com\/index.php\/wp-json\/wp\/v2\/pages\/81\/revisions"}],"predecessor-version":[{"id":88,"href":"https:\/\/manuelce.com\/index.php\/wp-json\/wp\/v2\/pages\/81\/revisions\/88"}],"wp:featuredmedia":[{"embeddable":true,"href":"https:\/\/manuelce.com\/index.php\/wp-json\/wp\/v2\/media\/87"}],"wp:attachment":[{"href":"https:\/\/manuelce.com\/index.php\/wp-json\/wp\/v2\/media?parent=81"}],"curies":[{"name":"wp","href":"https:\/\/api.w.org\/{rel}","templated":true}]}}