{"id":12,"date":"2025-08-03T03:40:52","date_gmt":"2025-08-03T03:40:52","guid":{"rendered":"https:\/\/manuelce.com\/index.php\/about-us\/"},"modified":"2025-11-25T03:27:25","modified_gmt":"2025-11-25T03:27:25","slug":"biografia","status":"publish","type":"page","link":"https:\/\/manuelce.com\/index.php\/biografia\/","title":{"rendered":"Biograf\u00eda"},"content":{"rendered":"\n<h2 class=\"wp-block-heading has-text-align-center wp-block-post-title has-superbfont-xlarge-font-size\">Acerca del Autor<\/h2>\n\n\n\n<figure class=\"wp-block-image aligncenter is-resized\"><img decoding=\"async\" src=\"https:\/\/lanuevabruja.com\/wp-content\/uploads\/2025\/10\/yo.png\" alt=\"\" class=\"wp-image-82\" style=\"width:339px;height:auto\"\/><\/figure>\n\n\n\n<div class=\"wp-block-columns is-layout-flex wp-container-core-columns-is-layout-28f84493 wp-block-columns-is-layout-flex\">\n<div class=\"wp-block-column is-layout-flow wp-block-column-is-layout-flow\"><\/div>\n\n\n\n<div class=\"wp-block-column is-layout-flow wp-block-column-is-layout-flow\">\n<p><strong>Manuel Casta\u00f1eda Enciso<\/strong>&nbsp;(Zapopan, Jalisco, 1985) es escritor, dibujante y dise\u00f1ador gr\u00e1fico. Desde peque\u00f1o encontr\u00f3 refugio en los libros que sus padres pon\u00edan en sus manos, y m\u00e1s adelante, en los mundos oscuros y fant\u00e1sticos que decidi\u00f3 crear por s\u00ed mismo.<\/p>\n\n\n\n<p>Aunque su formaci\u00f3n profesional est\u00e1 ligada al dise\u00f1o, fue la necesidad de darle sentido a sus ilustraciones lo que lo empuj\u00f3 a escribir. As\u00ed naci\u00f3 su primera historia, que pronto se convirti\u00f3 en una novela\u2026 y luego en una saga.<\/p>\n\n\n\n<p>Apasionado por el terror, la fantas\u00eda y la ciencia ficci\u00f3n, Manuel explora las fronteras entre lo real y lo imposible con una sensibilidad \u00fanica.&nbsp;<em>Quemen a la nueva bruja<\/em>&nbsp;es su primera novela publicada, y la puerta de entrada a un universo que no ha dejado de crecer desde entonces.<\/p>\n<\/div>\n\n\n\n<div class=\"wp-block-column is-layout-flow wp-block-column-is-layout-flow\"><\/div>\n<\/div>\n","protected":false},"excerpt":{"rendered":"<p>Acerca del Autor Manuel Casta\u00f1eda Enciso&nbsp;(Zapopan, Jalisco, 1985) es escritor, dibujante y dise\u00f1ador gr\u00e1fico. Desde peque\u00f1o encontr\u00f3 refugio en los libros que sus padres pon\u00edan en sus manos, y m\u00e1s adelante, en los mundos oscuros y fant\u00e1sticos que decidi\u00f3 crear por s\u00ed mismo. Aunque su formaci\u00f3n profesional est\u00e1 ligada al dise\u00f1o, fue la necesidad de [&hellip;]<\/p>\n","protected":false},"author":1,"featured_media":0,"parent":0,"menu_order":0,"comment_status":"closed","ping_status":"closed","template":"","meta":{"footnotes":""},"class_list":["post-12","page","type-page","status-publish","hentry"],"_links":{"self":[{"href":"https:\/\/manuelce.com\/index.php\/wp-json\/wp\/v2\/pages\/12","targetHints":{"allow":["GET"]}}],"collection":[{"href":"https:\/\/manuelce.com\/index.php\/wp-json\/wp\/v2\/pages"}],"about":[{"href":"https:\/\/manuelce.com\/index.php\/wp-json\/wp\/v2\/types\/page"}],"author":[{"embeddable":true,"href":"https:\/\/manuelce.com\/index.php\/wp-json\/wp\/v2\/users\/1"}],"replies":[{"embeddable":true,"href":"https:\/\/manuelce.com\/index.php\/wp-json\/wp\/v2\/comments?post=12"}],"version-history":[{"count":5,"href":"https:\/\/manuelce.com\/index.php\/wp-json\/wp\/v2\/pages\/12\/revisions"}],"predecessor-version":[{"id":80,"href":"https:\/\/manuelce.com\/index.php\/wp-json\/wp\/v2\/pages\/12\/revisions\/80"}],"wp:attachment":[{"href":"https:\/\/manuelce.com\/index.php\/wp-json\/wp\/v2\/media?parent=12"}],"curies":[{"name":"wp","href":"https:\/\/api.w.org\/{rel}","templated":true}]}}